{"id":1002,"date":"2022-04-03T11:23:11","date_gmt":"2022-04-03T11:23:11","guid":{"rendered":"https:\/\/giaservice.dk\/?page_id=1002"},"modified":"2022-04-03T17:48:26","modified_gmt":"2022-04-03T17:48:26","slug":"locations","status":"publish","type":"page","link":"https:\/\/giaservice.dk\/sv\/locations\/","title":{"rendered":"Locations"},"content":{"rendered":"<div data-elementor-type=\"wp-page\" data-elementor-id=\"1002\" class=\"elementor elementor-1002\" data-elementor-post-type=\"page\">\n\t\t\t\t\t\t<section class=\"elementor-section elementor-top-section elementor-element elementor-element-714875d elementor-section-height-min-height elementor-section-boxed elementor-section-height-default elementor-section-items-middle\" data-id=\"714875d\" data-element_type=\"section\" data-e-type=\"section\" data-settings=\"{&quot;background_background&quot;:&quot;classic&quot;}\">\n\t\t\t\t\t\t\t<div class=\"elementor-background-overlay\"><\/div>\n\t\t\t\t\t\t\t<div class=\"elementor-container elementor-column-gap-default\">\n\t\t\t\t\t<div class=\"elementor-column elementor-col-100 elementor-top-column elementor-element elementor-element-929fcbf\" data-id=\"929fcbf\" data-element_type=\"column\" data-e-type=\"column\">\n\t\t\t<div class=\"elementor-widget-wrap elementor-element-populated\">\n\t\t\t\t\t\t<div class=\"elementor-element elementor-element-b41c22f elementor-widget elementor-widget-heading\" data-id=\"b41c22f\" data-element_type=\"widget\" data-e-type=\"widget\" data-widget_type=\"heading.default\">\n\t\t\t\t<div class=\"elementor-widget-container\">\n\t\t\t\t\t<h2 class=\"elementor-heading-title elementor-size-default\">Our service locations<\/h2>\t\t\t\t<\/div>\n\t\t\t\t<\/div>\n\t\t\t\t\t<\/div>\n\t\t<\/div>\n\t\t\t\t\t<\/div>\n\t\t<\/section>\n\t\t\t\t<section class=\"elementor-section elementor-top-section elementor-element elementor-element-ebb5726 elementor-section-boxed elementor-section-height-default elementor-section-height-default\" data-id=\"ebb5726\" data-element_type=\"section\" data-e-type=\"section\">\n\t\t\t\t\t\t<div class=\"elementor-container elementor-column-gap-default\">\n\t\t\t\t\t<div class=\"elementor-column elementor-col-100 elementor-top-column elementor-element elementor-element-fd81b0c\" data-id=\"fd81b0c\" data-element_type=\"column\" data-e-type=\"column\">\n\t\t\t<div class=\"elementor-widget-wrap elementor-element-populated\">\n\t\t\t\t\t\t<div class=\"elementor-element elementor-element-dda2aff elementor-widget elementor-widget-heading\" data-id=\"dda2aff\" data-element_type=\"widget\" data-e-type=\"widget\" data-widget_type=\"heading.default\">\n\t\t\t\t<div class=\"elementor-widget-container\">\n\t\t\t\t\t<h2 class=\"elementor-heading-title elementor-size-default\">Locations<\/h2>\t\t\t\t<\/div>\n\t\t\t\t<\/div>\n\t\t\t\t<div class=\"elementor-element elementor-element-477c5e2 elementor-widget elementor-widget-text-editor\" data-id=\"477c5e2\" data-element_type=\"widget\" data-e-type=\"widget\" data-widget_type=\"text-editor.default\">\n\t\t\t\t<div class=\"elementor-widget-container\">\n\t\t\t\t\t\t\t\t\tGet It all Service Aps is available to help you with one of our services in any of this location.\t\t\t\t\t\t\t\t<\/div>\n\t\t\t\t<\/div>\n\t\t\t\t<div class=\"elementor-element elementor-element-8a68ff1 elementor-widget-divider--view-line elementor-widget elementor-widget-divider\" data-id=\"8a68ff1\" data-element_type=\"widget\" data-e-type=\"widget\" data-widget_type=\"divider.default\">\n\t\t\t\t<div class=\"elementor-widget-container\">\n\t\t\t\t\t\t\t<div class=\"elementor-divider\">\n\t\t\t<span class=\"elementor-divider-separator\">\n\t\t\t\t\t\t<\/span>\n\t\t<\/div>\n\t\t\t\t\t\t<\/div>\n\t\t\t\t<\/div>\n\t\t\t\t<div class=\"elementor-element elementor-element-ae046de elementor-widget elementor-widget-text-editor\" data-id=\"ae046de\" data-element_type=\"widget\" data-e-type=\"widget\" data-widget_type=\"text-editor.default\">\n\t\t\t\t<div class=\"elementor-widget-container\">\n\t\t\t\t\t\t\t\t\t<p>1001-1473 K\u00f8benhavn K<br \/>1800-1999 Frederiksberg C<br \/>2000 Frederiksberg<br \/>2100 K\u00f8benhavn \u00d8<br \/>2150 Nordhavn<br \/>1500-1799 K\u00f8benhavn V<br \/>2200 K\u00f8benhavn N<br \/>2300 K\u00f8benhavn S<br \/>2400 K\u00f8benhavn NV<br \/>2450 K\u00f8benhavn SV<br \/>2500 Valby<br \/>2600 Glostrup<br \/>2605 Br\u00f8ndby<br \/>2610 R\u00f8dovre<br \/>2620 Albertslund<br \/>2625 Vallensb\u00e6k<br \/>2630-2633 Taastrup<br \/>2635 Ish\u00f8j<br \/>2650 Hvidovre<br \/>2660 Br\u00f8ndby Strand<br \/>2665 Vallensb\u00e6k Strand<br \/>2700 Br\u00f8nsh\u00f8j<br \/>2720 Vanl\u00f8se<br \/>2730 Herlev<br \/>2740 Skovlunde<br \/>2750 Ballerup<br \/>2760 M\u00e5l\u00f8v<br \/>2770 Kastrup<br \/>2791 Drag\u00f8r<br \/>2800 Kongens Lyngby<br \/>2820 Gentofte<br \/>2830 Virum<br \/>2840 Holte<br \/>2850 N\u00e6rum<br \/>2860 S\u00f8borg<br \/>2870 Dysseg\u00e5rd<br \/>2880 Bagsv\u00e6rd<br \/>2900 Hellerup<br \/>2920 Charlottenlund<br \/>2930 Klampenborg<br \/>2942 Skodsborg<\/p><p>4600 K\u00f8ge<br \/>4700 N\u00e6stved<br \/>4000 Roskilde<br \/>4030 Tune<br \/>2640 Hedehusene<br \/>2670 Greve<br \/>2680 Solr\u00f8d Strand<br \/>2690 Karlslunde<br \/>2765 Sm\u00f8rum<br \/>2950 Vedb\u00e6k<br \/>2960 Rungsted Kyst<br \/>2970 H\u00f8rsholm<br \/>2980 Kokkedal<br \/>2990 Niv\u00e5<br \/>3000 Helsing\u00f8r<br \/>3050 Humleb\u00e6k<br \/>3060 Esperg\u00e6rde<br \/>3070 Snekkersten<br \/>3080 Tik\u00f8b<br \/>3100 Hornb\u00e6k<br \/>3120 Dronningm\u00f8lle<br \/>3140 \u00c5lsg\u00e5rde<br \/>3150 Helleb\u00e6k<br \/>3200 Helsinge<br \/>3210 Vejby<br \/>3220 Tisvildeleje<br \/>3230 Gr\u00e6sted<br \/>3250 Gilleleje<br \/>3300 Frederiksv\u00e6rk<br \/>3310 \u00d8lsted<br \/>3320 Sk\u00e6vinge<br \/>3330 G\u00f8rl\u00f8se<br \/>3360 Liseleje<br \/>3370 Melby<br \/>3390 Hundested<br \/>3400 Hiller\u00f8d<br \/>3450 Aller\u00f8d<br \/>3460 Birker\u00f8d<br \/>3480 Fredensborg<br \/>3490 Kvistg\u00e5rd<br \/>3500 V\u00e6rl\u00f8se<br \/>3520 Farum<br \/>3540 Lynge<br \/>3550 Slangerup<br \/>3600 Frederikssund<br \/>3630 J\u00e6gerspris<br \/>3650 \u00d8lstykke<br \/>3660 Stenl\u00f8se<br \/>3670 Veks\u00f8 Sj\u00e6lland<br \/>4040 Jyllinge<br \/>4050 Skibby<br \/>4060 Kirke S\u00e5by<br \/>4070 Kirke Hyllinge<br \/>4100-4129 Ringsted<br \/>4130 Viby Sj\u00e6lland<br \/>4140 Borup<br \/>4160 Herlufmagle<br \/>4171 Glums\u00f8<br \/>4173 Fjenneslev<br \/>4174 Jystrup Midtsj<br \/>4180 Sor\u00f8<br \/>4190 Munke Bjergby<br \/>4200 Slagelse<br \/>4220 Kors\u00f8r<br \/>4230 Sk\u00e6lsk\u00f8r<br \/>4241 Vemmelev<br \/>4242 Boeslunde<br \/>4243 Rude<br \/>4244 Agers\u00f8<br \/>4245 Om\u00f8<br \/>4250 Fuglebjerg<br \/>4261 Dalmose<br \/>4262 Sandved<br \/>4270 H\u00f8ng<br \/>4281 G\u00f8rlev<br \/>4291 Ruds Vedby<br \/>4293 Dianalund<br \/>4295 Stenlille<br \/>4296 Nyrup<br \/>4300 Holb\u00e6k<br \/>4305 Or\u00f8<br \/>4320 Lejre<br \/>4330 Hvals\u00f8<br \/>4340 T\u00f8ll\u00f8se<br \/>4350 Ugerl\u00f8se<br \/>4360 Kirke Eskilstrup<br \/>4370 Store Merl\u00f8se<br \/>4390 Vipper\u00f8d<br \/>4400 Kalundborg<br \/>4420 Regstrup<br \/>4440 M\u00f8rk\u00f8v<br \/>4450 Jyderup<br \/>4460 Snertinge<br \/>4470 Sveb\u00f8lle<br \/>4480 Store Fuglede<br \/>4490 Jerslev Sj\u00e6lland<br \/>4500 Nyk\u00f8bing Sj<br \/>4520 Svinninge<br \/>4532 Gislinge<br \/>4534 H\u00f8rve<br \/>4540 F\u00e5revejle<br \/>4550 Asn\u00e6s<br \/>4560 Vig<br \/>4571 Grevinge<br \/>4572 N\u00f8rre Asmindrup<br \/>4573 H\u00f8jby<br \/>4581 R\u00f8rvig<br \/>4583 Sj\u00e6llands Odde<br \/>4591 F\u00f8llenslev<br \/>4592 Sejer\u00f8<br \/>4593 Eskebjerg<br \/>4621 Gadstrup<br \/>4622 Havdrup<br \/>4623 Lille Skensved<br \/>4632 Bj\u00e6verskov<br \/>4640 Faxe<br \/>4652 H\u00e5rlev<br \/>4653 Karise<br \/>4654 Faxe Ladeplads<br \/>4660 Store Heddinge<br \/>4671 Str\u00f8by<br \/>4672 Klippinge<br \/>4673 R\u00f8dvig Stevns<br \/>4681 Herf\u00f8lge<br \/>4682 Tureby<br \/>4683 R\u00f8nnede<br \/>4684 Holmegaard<br \/>4690 Haslev<br \/>4720 Pr\u00e6st\u00f8<br \/>4733 Tappern\u00f8je<br \/>4735 Mern<br \/>4736 Karreb\u00e6ksminde<br \/>4750 Lundby<br \/>4760 Vordingborg<br \/>4771 Kalvehave<br \/>4772 Langeb\u00e6k<br \/>4773 Stensved<br \/>4780 Stege<br \/>4791 Borre<br \/>4792 Askeby<br \/>4793 Bog\u00f8 By<br \/>4800 Nyk\u00f8bing F<br \/>4840 N\u00f8rre Alslev<br \/>4850 Stubbek\u00f8bing<br \/>4862 Guldborg<br \/>4863 Eskilstrup<br \/>4871 Horbelev<br \/>4872 Idestrup<br \/>4873 V\u00e6ggerl\u00f8se<br \/>4874 Gedser<br \/>4880 Nysted<br \/>4891 Toreby L<br \/>4892 Kettinge<br \/>4894 \u00d8ster Ulslev<br \/>4895 Errindlev<br \/>4900 Nakskov<br \/>4912 Harpelunde<br \/>4913 Horslunde<br \/>4920 S\u00f8llested<br \/>4930 Maribo<br \/>4941 Bandholm<br \/>4942 Ask\u00f8<br \/>4943 Torrig L<br \/>4944 Fej\u00f8<br \/>4945 Fem\u00f8<br \/>4951 N\u00f8rreballe<br \/>4952 Stokkemarke<br \/>4953 Vesterborg<br \/>4960 Holeby<br \/>4970 R\u00f8dby<br \/>4983 Dannemare<br \/>4990 Saksk\u00f8bing<\/p><p>5500 Middelfart<br \/>5800 Nyborg<br \/>5000-5100 Odense C<br \/>5200 Odense V<br \/>5210 Odense NV<br \/>5220 Odense S\u00d8<br \/>5230 Odense M<br \/>5240 Odense N\u00d8<br \/>5250 Odense SV<br \/>5260 Odense S<br \/>5270 Odense N<br \/>5700 Svendborg<br \/>5290 Marslev<br \/>5300 Kerteminde<br \/>5320 Agedrup<br \/>5330 Munkebo<br \/>5350 Rynkeby<br \/>5370 Mesinge<br \/>5380 Dalby<br \/>5390 Martofte<br \/>5400 Bogense<br \/>5450 Otterup<br \/>5462 Morud<br \/>5463 Harndrup<br \/>5464 Brenderup Fyn<br \/>5466 Asperup<br \/>5471 S\u00f8nders\u00f8<br \/>5474 Veflinge<br \/>5485 Skamby<br \/>5491 Blommenslyst<br \/>5492 Vissenbjerg<br \/>5540 Ullerslev<br \/>5550 Langeskov<br \/>5560 Aarup<br \/>5580 N\u00f8rre Aaby<br \/>5591 Gelsted<br \/>5592 Ejby<br \/>5600 Faaborg<br \/>5601 Ly\u00f8<br \/>5602 Avernak\u00f8<br \/>5603 Bj\u00f8rn\u00f8<br \/>5610 Assens<br \/>5620 Glamsbjerg<br \/>5631 Ebberup<br \/>5642 Millinge<br \/>5672 Broby<br \/>5683 Haarby<br \/>5690 Tommerup<br \/>5750 Ringe<br \/>5762 Vester Skerninge<br \/>5771 Stenstrup<br \/>5772 Kv\u00e6rndrup<br \/>5792 \u00c5rslev<br \/>5853 \u00d8rb\u00e6k<br \/>5854 Gislev<br \/>5856 Ryslinge<br \/>5863 Ferritslev Fyn<br \/>5871 Fr\u00f8rup<br \/>5874 Hesselager<br \/>5881 Sk\u00e5rup Fyn<br \/>5882 Vejstrup<br \/>5883 Oure<br \/>5884 Gudme<br \/>5892 Gudbjerg Sydfyn<br \/>5900 Rudk\u00f8bing<br \/>5932 Humble<br \/>5935 Bagenkop<br \/>5943 Stryn\u00f8<br \/>5953 Tranek\u00e6r<br \/>5960 Marstal<br \/>5965 Birkholm<br \/>5970 \u00c6r\u00f8sk\u00f8bing<br \/>5985 S\u00f8by \u00c6r\u00f8<\/p><p><span style=\"color: var( --e-global-color-text ); font-family: var( --e-global-typography-text-font-family ), Sans-serif; font-weight: var( --e-global-typography-text-font-weight ); font-size: 1rem;\">8900 Randers C<\/span><\/p><p>8000-8100 \u00c5rhus C<br \/>8220 Brabrand<br \/>8230 \u00c5byh\u00f8j<br \/>8240 Risskov<br \/>8260 Viby J<br \/>7171 Uldum<br \/>8229 Risskov \u00d8<br \/>8250 Eg\u00e5<br \/>8270 H\u00f8jbjerg<br \/>8300 Odder<br \/>8305 Sams\u00f8<br \/>8310 Tranbjerg <br \/>J8320 M\u00e5rslet<br \/>8330 Beder<br \/>8340 Malling<br \/>8350 Hundslund<br \/>8355 Solbjerg<br \/>8361 Hasselager<br \/>8362 H\u00f8rning<br \/>8370 Hadsten<br \/>8380 Trige<br \/>8381 Tilst<br \/>8382 Hinnerup<br \/>8400 Ebeltoft<br \/>8410 R\u00f8nde<br \/>8420 Knebe<br \/>l8444 Balle<br \/>8450 Hamme<br \/>l8462 Harlev J<br \/>8464 Galten<br \/>8471 Sabro<br \/>8472 Sporup<br \/>8500 Grenaa<br \/>8520 Lystrup<br \/>8530 Hjortsh\u00f8j<br \/>8541 Sk\u00f8dstrup<br \/>8543 Hornslet<br \/>8544 M\u00f8rke<br \/>8550 Ryomg\u00e5rd<br \/>8560 Kolind<br \/>8570 Trustrup<br \/>8581 Nimtofte<br \/>8585 Glesborg<br \/>8586 \u00d8rum Djurs<br \/>8592 Anholt<br \/>8641 Sorring<br \/>8660 Skanderborg<br \/>8670 L\u00e5sby<br \/>8680 Ry<br \/>8721 Daug\u00e5rd<br \/>8722 Hedensted<br \/>8723 L\u00f8sning<br \/>8732 Hovedg\u00e5rd<br \/>8751 Gedved<br \/>8752 \u00d8stbirk<br \/>8762 Flemming<br \/>8763 Rask M\u00f8lle<br \/>8781 Stenderup<br \/>8783 Hornsyld<br \/>8799 Tun\u00f8<br \/>8860 Ulstrup<br \/>8870 Lang\u00e5<br \/>8881 Thors\u00f8<br \/>8883 Gjern<br \/>8950 \u00d8rsted<br \/>8961 Alling\u00e5bro<br \/>8963 Auning<br \/>8970 Havndal<br \/>8981 Spentrup<br \/>8983 Gjerlev J<br \/>8990 F\u00e5rup<\/p>\t\t\t\t\t\t\t\t<\/div>\n\t\t\t\t<\/div>\n\t\t\t\t\t<\/div>\n\t\t<\/div>\n\t\t\t\t\t<\/div>\n\t\t<\/section>\n\t\t\t\t<\/div>","protected":false},"excerpt":{"rendered":"<p>Our service locations Locations Get It all Service Aps is available to help you with one of our services in any of this location. 1001-1473 K\u00f8benhavn K1800-1999 Frederiksberg C2000 Frederiksberg2100 K\u00f8benhavn \u00d82150 Nordhavn1500-1799 K\u00f8benhavn V2200 K\u00f8benhavn N2300 K\u00f8benhavn S2400 K\u00f8benhavn NV2450 K\u00f8benhavn SV2500 Valby2600 Glostrup2605 Br\u00f8ndby2610 R\u00f8dovre2620 Albertslund2625 Vallensb\u00e6k2630-2633 Taastrup2635 Ish\u00f8j2650 Hvidovre2660 Br\u00f8ndby Strand2665 Vallensb\u00e6k [&hellip;]<\/p>","protected":false},"author":1,"featured_media":0,"parent":0,"menu_order":0,"comment_status":"closed","ping_status":"closed","template":"elementor_header_footer","meta":{"_acf_changed":false,"_monsterinsights_skip_tracking":false,"_monsterinsights_sitenote_active":false,"_monsterinsights_sitenote_note":"","_monsterinsights_sitenote_category":0,"_uf_show_specific_survey":0,"_uf_disable_surveys":false,"footnotes":""},"class_list":["post-1002","page","type-page","status-publish","hentry"],"acf":[],"_links":{"self":[{"href":"https:\/\/giaservice.dk\/sv\/wp-json\/wp\/v2\/pages\/1002","targetHints":{"allow":["GET"]}}],"collection":[{"href":"https:\/\/giaservice.dk\/sv\/wp-json\/wp\/v2\/pages"}],"about":[{"href":"https:\/\/giaservice.dk\/sv\/wp-json\/wp\/v2\/types\/page"}],"author":[{"embeddable":true,"href":"https:\/\/giaservice.dk\/sv\/wp-json\/wp\/v2\/users\/1"}],"replies":[{"embeddable":true,"href":"https:\/\/giaservice.dk\/sv\/wp-json\/wp\/v2\/comments?post=1002"}],"version-history":[{"count":25,"href":"https:\/\/giaservice.dk\/sv\/wp-json\/wp\/v2\/pages\/1002\/revisions"}],"predecessor-version":[{"id":1035,"href":"https:\/\/giaservice.dk\/sv\/wp-json\/wp\/v2\/pages\/1002\/revisions\/1035"}],"wp:attachment":[{"href":"https:\/\/giaservice.dk\/sv\/wp-json\/wp\/v2\/media?parent=1002"}],"curies":[{"name":"wp","href":"https:\/\/api.w.org\/{rel}","templated":true}]}}