{"id":2660,"date":"2022-08-04T04:41:51","date_gmt":"2022-08-04T04:41:51","guid":{"rendered":"https:\/\/giaservice.dk\/?page_id=2660"},"modified":"2023-06-03T14:16:24","modified_gmt":"2023-06-03T12:16:24","slug":"mattress-disposal","status":"publish","type":"page","link":"https:\/\/giaservice.dk\/nn\/mattress-disposal\/","title":{"rendered":"Madrassbortkj\u00f8ring"},"content":{"rendered":"<div data-elementor-type=\"wp-page\" data-elementor-id=\"2660\" class=\"elementor elementor-2660\" data-elementor-post-type=\"page\">\n\t\t\t\t\t\t<section class=\"elementor-section elementor-top-section elementor-element elementor-element-760f97af elementor-section-full_width elementor-section-height-default elementor-section-height-default\" data-id=\"760f97af\" data-element_type=\"section\" data-e-type=\"section\" data-settings=\"{&quot;background_background&quot;:&quot;classic&quot;}\">\n\t\t\t\t\t\t<div class=\"elementor-container elementor-column-gap-default\">\n\t\t\t\t\t<div class=\"elementor-column elementor-col-100 elementor-top-column elementor-element elementor-element-5d18c13e\" data-id=\"5d18c13e\" data-element_type=\"column\" data-e-type=\"column\">\n\t\t\t<div class=\"elementor-widget-wrap elementor-element-populated\">\n\t\t\t\t\t\t<div class=\"elementor-element elementor-element-2b22501b elementor-widget elementor-widget-heading\" data-id=\"2b22501b\" data-element_type=\"widget\" data-e-type=\"widget\" data-widget_type=\"heading.default\">\n\t\t\t\t<div class=\"elementor-widget-container\">\n\t\t\t\t\t<h1 class=\"elementor-heading-title elementor-size-default\">Mattress Disposal Services<\/h1>\t\t\t\t<\/div>\n\t\t\t\t<\/div>\n\t\t\t\t\t<\/div>\n\t\t<\/div>\n\t\t\t\t\t<\/div>\n\t\t<\/section>\n\t\t\t\t<section class=\"elementor-section elementor-top-section elementor-element elementor-element-568afb81 elementor-section-boxed elementor-section-height-default elementor-section-height-default\" data-id=\"568afb81\" data-element_type=\"section\" data-e-type=\"section\">\n\t\t\t\t\t\t<div class=\"elementor-container elementor-column-gap-default\">\n\t\t\t\t\t<div class=\"elementor-column elementor-col-100 elementor-top-column elementor-element elementor-element-41b35bfa\" data-id=\"41b35bfa\" data-element_type=\"column\" data-e-type=\"column\">\n\t\t\t<div class=\"elementor-widget-wrap elementor-element-populated\">\n\t\t\t\t\t\t<div class=\"elementor-element elementor-element-3ec74358 elementor-widget elementor-widget-text-editor\" data-id=\"3ec74358\" data-element_type=\"widget\" data-e-type=\"widget\" data-widget_type=\"text-editor.default\">\n\t\t\t\t<div class=\"elementor-widget-container\">\n\t\t\t\t\t\t\t\t\t<div id=\"isPasted\" style=\"color: #252525;\"><div id=\"isPasted\" style=\"color: #252525;\"><div style=\"color: #252525;\"><div class=\"elementor-element elementor-element-32eaa56 elementor-widget__width-initial elementor-widget elementor-widget-text-editor\" style=\"color: #252525;\" data-id=\"32eaa56\" data-element_type=\"widget\" data-widget_type=\"text-editor.default\"><div class=\"elementor-widget-container\" style=\"color: #252525;\"><div id=\"isPasted\" style=\"color: #252525;\"><div id=\"isPasted\" style=\"color: #252525;\"><div style=\"color: #252525;\"><div class=\"elementor-element elementor-element-32eaa56 elementor-widget__width-initial elementor-widget elementor-widget-text-editor\" style=\"color: #252525;\" data-id=\"32eaa56\" data-element_type=\"widget\" data-widget_type=\"text-editor.default\"><div class=\"elementor-widget-container\" style=\"color: #252525;\"><div class=\"elementor-element elementor-element-ce29e67 elementor-widget elementor-widget-heading\" style=\"color: #252525;\" data-id=\"ce29e67\" data-element_type=\"widget\" data-widget_type=\"heading.default\"><div class=\"elementor-widget-container\" style=\"color: #252525;\"><div class=\"elementor-element elementor-element-68b971b elementor-widget elementor-widget-heading\" style=\"color: #252525;\" data-id=\"68b971b\" data-element_type=\"widget\" data-widget_type=\"heading.default\"><div class=\"elementor-widget-container\" style=\"color: #252525;\"><div id=\"isPasted\" style=\"color: #252525;\"><div id=\"isPasted\" style=\"color: #252525;\"><div style=\"color: #252525;\"><div class=\"elementor-element elementor-element-32eaa56 elementor-widget__width-initial elementor-widget elementor-widget-text-editor\" style=\"color: #252525;\" data-id=\"32eaa56\" data-element_type=\"widget\" data-widget_type=\"text-editor.default\"><div class=\"elementor-widget-container\" style=\"color: #252525;\"><div id=\"isPasted\" style=\"color: #252525;\"><div id=\"isPasted\" style=\"color: #252525;\"><div style=\"color: #252525;\"><div class=\"elementor-element elementor-element-32eaa56 elementor-widget__width-initial elementor-widget elementor-widget-text-editor\" style=\"color: #252525;\" data-id=\"32eaa56\" data-element_type=\"widget\" data-widget_type=\"text-editor.default\"><div class=\"elementor-widget-container\" style=\"color: #252525;\"><div class=\"elementor-element elementor-element-ce29e67 elementor-widget elementor-widget-heading\" style=\"color: #252525;\" data-id=\"ce29e67\" data-element_type=\"widget\" data-widget_type=\"heading.default\"><div class=\"elementor-widget-container\" style=\"color: #252525;\"><div class=\"elementor-element elementor-element-68b971b elementor-widget elementor-widget-heading\" style=\"color: #252525;\" data-id=\"68b971b\" data-element_type=\"widget\" data-widget_type=\"heading.default\"><div class=\"elementor-widget-container\" style=\"color: #252525;\"><p style=\"color: #252525;\" class=\"translation-block\">Har du en gammel madrass eller \u00f8delagt rammemadrass som trenger \u00e5 fjernes fra hjemmet ditt?<br style=\"color: #252525\">Ikke sloss med trapper, krangle med gangene eller kj\u00f8r nerv\u00f8st i milevis med den bundet p\u00e5<br style=\"color: #252525\">taket p\u00e5 bilen din. I stedet, ring Get It All Service Aps. N\u00e5r du bestiller v\u00e5r<br style=\"color: #252525\">Madrassfjerningstjeneste: vi gj\u00f8r alt det tunge l\u00f8ftet og de vanskelige man\u00f8vrene for deg!<br style=\"color: #252525\">Siden hvert medlem av Get It All Service Aps-teamet er fullt forsikret, trenger du ikke<br style=\"color: #252525\">\u00e5 bekymre deg mens vi b\u00e6rer den tunge, vanskelig h\u00e5ndterbare madrassen gjennom hjemmet ditt og ut d\u00f8ren.<br style=\"color: #252525\">I tillegg til madrasser og rammemadrasser kan vi ogs\u00e5 fjerne gamle og u\u00f8nskede<br style=\"color: #252525\">sengestammer og hodegjerder fra hjemmet ditt.<\/p><\/div><\/div><\/div><\/div><\/div><\/div><\/div><\/div><\/div><\/div><\/div><\/div><\/div><\/div><h2 id=\"ep-07ebf64\" class=\"elementor-heading-title elementor-size-default elementor-inline-editing pen\" style=\"color: #252525;\" contenteditable=\"true\" data-elementor-setting-key=\"title\" data-pen-placeholder=\"Type Here...\" data-gramm=\"false\" data-quillbot-element=\"27MPt7v3wkOMAnhIH9oaK\">\u00a0<\/h2><\/div><\/div><\/div><\/div><\/div><\/div><\/div><\/div><\/div><\/div><\/div><\/div><\/div><\/div>\t\t\t\t\t\t\t\t<\/div>\n\t\t\t\t<\/div>\n\t\t\t\t<div class=\"elementor-element elementor-element-26aa99e6 elementor-widget elementor-widget-heading\" data-id=\"26aa99e6\" data-element_type=\"widget\" data-e-type=\"widget\" data-widget_type=\"heading.default\">\n\t\t\t\t<div class=\"elementor-widget-container\">\n\t\t\t\t\t<h2 class=\"elementor-heading-title elementor-size-default\">Hva du kan forvente<\/h2>\t\t\t\t<\/div>\n\t\t\t\t<\/div>\n\t\t\t\t<div class=\"elementor-element elementor-element-53aa672a elementor-widget elementor-widget-text-editor\" data-id=\"53aa672a\" data-element_type=\"widget\" data-e-type=\"widget\" data-widget_type=\"text-editor.default\">\n\t\t\t\t<div class=\"elementor-widget-container\">\n\t\t\t\t\t\t\t\t\t<p class=\"translation-block\">\u00c5 fjerne en madrass og boksfj\u00e6rer er aldri en morsom eller enkel oppgave. Det er her vi kommer inn! N\u00e5r du ringer til v\u00e5rt madrassfjernings-team, kan du forvente:<\/p>\t\t\t\t\t\t\t\t<\/div>\n\t\t\t\t<\/div>\n\t\t\t\t<div class=\"elementor-element elementor-element-5c5baaac elementor-icon-list--layout-traditional elementor-list-item-link-full_width elementor-widget elementor-widget-icon-list\" data-id=\"5c5baaac\" data-element_type=\"widget\" data-e-type=\"widget\" data-widget_type=\"icon-list.default\">\n\t\t\t\t<div class=\"elementor-widget-container\">\n\t\t\t\t\t\t\t<ul class=\"elementor-icon-list-items\">\n\t\t\t\t\t\t\t<li class=\"elementor-icon-list-item\">\n\t\t\t\t\t\t\t\t\t\t\t<span class=\"elementor-icon-list-icon\">\n\t\t\t\t\t\t\t<i aria-hidden=\"true\" class=\"fas fa-check\"><\/i>\t\t\t\t\t\t<\/span>\n\t\t\t\t\t\t\t\t\t\t<span class=\"elementor-icon-list-text\">\u2022 Gratis, uforpliktende estimater<\/span>\n\t\t\t\t\t\t\t\t\t<\/li>\n\t\t\t\t\t\t\t\t<li class=\"elementor-icon-list-item\">\n\t\t\t\t\t\t\t\t\t\t\t<span class=\"elementor-icon-list-icon\">\n\t\t\t\t\t\t\t<i aria-hidden=\"true\" class=\"fas fa-check\"><\/i>\t\t\t\t\t\t<\/span>\n\t\t\t\t\t\t\t\t\t\t<span class=\"elementor-icon-list-text\">Samma-dags og neste-dags madrassbortkj\u00f8ring<\/span>\n\t\t\t\t\t\t\t\t\t<\/li>\n\t\t\t\t\t\t\t\t<li class=\"elementor-icon-list-item\">\n\t\t\t\t\t\t\t\t\t\t\t<span class=\"elementor-icon-list-icon\">\n\t\t\t\t\t\t\t<i aria-hidden=\"true\" class=\"fas fa-check\"><\/i>\t\t\t\t\t\t<\/span>\n\t\t\t\t\t\t\t\t\t\t<span class=\"elementor-icon-list-text\">Vennlige, trente og fullt forsikrede ansatte<\/span>\n\t\t\t\t\t\t\t\t\t<\/li>\n\t\t\t\t\t\t<\/ul>\n\t\t\t\t\t\t<\/div>\n\t\t\t\t<\/div>\n\t\t\t\t\t<\/div>\n\t\t<\/div>\n\t\t\t\t\t<\/div>\n\t\t<\/section>\n\t\t\t\t<\/div>","protected":false},"excerpt":{"rendered":"<p>Mattress Disposal Services Have an old mattress or broken box springs that need to be removed from your home?Don\u2019t struggle with stairs, fight hallways, or nervously drive for miles with it tied tothe roof of your car. Instead, call Get It All Service ApsGet It All Service Aps. When you schedule ourMattress disposal service: we [&hellip;]<\/p>","protected":false},"author":1,"featured_media":0,"parent":0,"menu_order":0,"comment_status":"closed","ping_status":"closed","template":"elementor_header_footer","meta":{"_acf_changed":false,"_monsterinsights_skip_tracking":false,"_monsterinsights_sitenote_active":false,"_monsterinsights_sitenote_note":"","_monsterinsights_sitenote_category":0,"_uf_show_specific_survey":0,"_uf_disable_surveys":false,"footnotes":""},"class_list":["post-2660","page","type-page","status-publish","hentry"],"acf":[],"_links":{"self":[{"href":"https:\/\/giaservice.dk\/nn\/wp-json\/wp\/v2\/pages\/2660","targetHints":{"allow":["GET"]}}],"collection":[{"href":"https:\/\/giaservice.dk\/nn\/wp-json\/wp\/v2\/pages"}],"about":[{"href":"https:\/\/giaservice.dk\/nn\/wp-json\/wp\/v2\/types\/page"}],"author":[{"embeddable":true,"href":"https:\/\/giaservice.dk\/nn\/wp-json\/wp\/v2\/users\/1"}],"replies":[{"embeddable":true,"href":"https:\/\/giaservice.dk\/nn\/wp-json\/wp\/v2\/comments?post=2660"}],"version-history":[{"count":10,"href":"https:\/\/giaservice.dk\/nn\/wp-json\/wp\/v2\/pages\/2660\/revisions"}],"predecessor-version":[{"id":4513,"href":"https:\/\/giaservice.dk\/nn\/wp-json\/wp\/v2\/pages\/2660\/revisions\/4513"}],"wp:attachment":[{"href":"https:\/\/giaservice.dk\/nn\/wp-json\/wp\/v2\/media?parent=2660"}],"curies":[{"name":"wp","href":"https:\/\/api.w.org\/{rel}","templated":true}]}}