{"id":519,"date":"2022-03-26T15:42:48","date_gmt":"2022-03-26T15:42:48","guid":{"rendered":"https:\/\/giaservice.dk\/?page_id=519"},"modified":"2026-04-22T11:41:21","modified_gmt":"2026-04-22T09:41:21","slug":"about-us","status":"publish","type":"page","link":"https:\/\/giaservice.dk\/da\/about-us\/","title":{"rendered":"Om os"},"content":{"rendered":"<h2>About Get It All Service ApS<\/h2>\n<h2>Vi vil altid v\u00e6re klar til at betjene dig p\u00e5 den bedst mulige m\u00e5de.<\/h2>\n<p>Vores m\u00e5l er at levere en overlegen kundeoplevelse og skabe enorm v\u00e6rdi med forenklede, moderne tjenester.<\/p>\n<p>We believe that no task is too small or too large for Get It All Service ApS; whether you need to transport one sofa bed, clean your small apartment, or take that item you no longer need to the recycling center, we can always provide a good solution.<\/p>\n<p><img fetchpriority=\"high\" decoding=\"async\" src=\"https:\/\/giaservice.dk\/wp-content\/uploads\/2022\/04\/240_F_143557938_ETVZdr3tPgY2mHVVJBagWUXjnkeJJPgN.jpg\" sizes=\"(max-width: 400px) 100vw, 400px\" srcset=\"https:\/\/giaservice.dk\/wp-content\/uploads\/2022\/04\/240_F_143557938_ETVZdr3tPgY2mHVVJBagWUXjnkeJJPgN.jpg 400w, https:\/\/giaservice.dk\/wp-content\/uploads\/2022\/04\/240_F_143557938_ETVZdr3tPgY2mHVVJBagWUXjnkeJJPgN-300x180.jpg 300w\" alt=\"relocation\" width=\"400\" height=\"240\" \/><\/p>\n<p style=\"color: #252525;\"><strong style=\"color: #252525;\">Vores mission<\/strong> er at hj\u00e6lpe dig med den opgave, du har brug for at f\u00e5 gjort.<\/p>\n<h2>Hvorfor v\u00e6lge os<\/h2>\n<p style=\"color: #252525;\">Get It All Service ApS is a Danish-based but English-speaking services company located in Albertslund, Denmark.<\/p>\n<p>.<\/p>\n<p><img decoding=\"async\" src=\"https:\/\/giaservice.dk\/wp-content\/uploads\/2022\/04\/service-13475_960_720-768x614.jpg\" sizes=\"(max-width: 768px) 100vw, 768px\" srcset=\"https:\/\/giaservice.dk\/wp-content\/uploads\/2022\/04\/service-13475_960_720-768x614.jpg 768w, https:\/\/giaservice.dk\/wp-content\/uploads\/2022\/04\/service-13475_960_720-300x240.jpg 300w, https:\/\/giaservice.dk\/wp-content\/uploads\/2022\/04\/service-13475_960_720.jpg 900w\" alt=\"service\" width=\"768\" height=\"614\" \/><\/p>\n<h2>Vores vision<\/h2>\n<p style=\"color: #252525;\">At Get It All Service ApS, we have a strong vision of becoming a well-known name in the services business, both locally and internationally, as a company that excels in affordable prices combined with outstanding customer service.<\/p>\n<p style=\"color: #252525;\">Vores hovedfokus og h\u00f8jeste prioritet er at levere en fantastisk og tilfredsstillende service til vores kunder, fordi vi tror p\u00e5, at n\u00e5r vores kunder er glade, kan vi forts\u00e6tte med at vokse.<\/p>\n<p style=\"color: #252525;\">N\u00e5r vi ekspanderer, ser vi frem til at arbejde med nye kunder, uanset om du har brug for en af vores ekspresservices eller \u00f8nsker at indg\u00e5 et langsigtet partnerskab.<\/p>\n<h2>Vores historie<\/h2>\n<p>The owner and founder of Get It All Service ApS began his service career as a subcontractor for some of the industry&#8217;s largest companies, primarily in the distribution and relocation fields. The idea of creating a service company that is both affordable and satisfactory to clients and ensures fairness and equality for every single employee started growing. Get It All Service has since gained experience in many various aspects of the service business and now offers a variety of services, all handled with the same respect and care with which we would handle our own tasks.<\/p>\n<p>2015<\/p>\n<p>Grundlagt<br \/>\n2015<\/p>\n<p>2015<\/p>\n<p>Vi sikrede kontrakter<\/p>\n<p>2015<\/p>\n<p>2016<\/p>\n<p>Vi sikrede kontrakter<\/p>\n<p>2016<\/p>\n<p>2017<\/p>\n<p>Vi sikrede kontrakter<\/p>\n<p>2017<\/p>\n<p>2018<\/p>\n<p>Vi sikrede kontrakter<\/p>\n<p>2018<\/p>\n<p>2019<\/p>\n<p>Vi sikrede kontrakter<\/p>\n<p>2019<\/p>\n<p>2020<\/p>\n<p>Vi sikrede kontrakter<\/p>\n<p>2020<\/p>\n<p>2021<\/p>\n<p>Vi sikrede kontrakter<\/p>\n<p>2021<\/p>\n<p>2022<\/p>\n<p>Vi sikrede kontrakter<\/p>\n<p>2022<\/p>\n<h2><strong>Get It All Service ApS<\/strong>.<\/h2>\n<h5>Vi vil altid v\u00e6re klar til at betjene dig p\u00e5 den bedst mulige m\u00e5de.<\/h5>\n<p>Du vil ogs\u00e5 opdage, at vores tjenester er lige s\u00e5 imponerende og professionelle. Vi udf\u00f8rer din opgave ubesv\u00e6ret p\u00e5 den valgte location og sikrer, at vi ankommer hurtigt og sikkert. Vore rimelige priser vil appellere til dig og spare dig penge, samtidig med at vi tilbyder dig fremragende service.<\/p>\n<p><a href=\"#\"><br \/>\nGet free estimate<br \/>\n<\/a><\/p>\n<h2>Ring til os i dag<\/h2>\n<h2>+45 9384 1333<\/h2>\n<p>Monday through Saturday, 7:30 a.m. to 6:00 p.m.; and Sunday, 10:30 a.m. to 5:00 p.m.<\/p>","protected":false},"excerpt":{"rendered":"<p>About Get It All Service ApS We will always be ready to serve you in the best way possible. Our goal is to provide a superior customer experience and create tremendous value with simplified, all-modern services. We believe that no task is too small or too large for Get It All Service ApS; whether you [&hellip;]<\/p>","protected":false},"author":1,"featured_media":0,"parent":0,"menu_order":0,"comment_status":"closed","ping_status":"closed","template":"elementor_header_footer","meta":{"_acf_changed":false,"_monsterinsights_skip_tracking":false,"_monsterinsights_sitenote_active":false,"_monsterinsights_sitenote_note":"","_monsterinsights_sitenote_category":0,"_uf_show_specific_survey":0,"_uf_disable_surveys":false,"footnotes":""},"class_list":["post-519","page","type-page","status-publish","hentry"],"acf":[],"_links":{"self":[{"href":"https:\/\/giaservice.dk\/da\/wp-json\/wp\/v2\/pages\/519","targetHints":{"allow":["GET"]}}],"collection":[{"href":"https:\/\/giaservice.dk\/da\/wp-json\/wp\/v2\/pages"}],"about":[{"href":"https:\/\/giaservice.dk\/da\/wp-json\/wp\/v2\/types\/page"}],"author":[{"embeddable":true,"href":"https:\/\/giaservice.dk\/da\/wp-json\/wp\/v2\/users\/1"}],"replies":[{"embeddable":true,"href":"https:\/\/giaservice.dk\/da\/wp-json\/wp\/v2\/comments?post=519"}],"version-history":[{"count":94,"href":"https:\/\/giaservice.dk\/da\/wp-json\/wp\/v2\/pages\/519\/revisions"}],"predecessor-version":[{"id":5727,"href":"https:\/\/giaservice.dk\/da\/wp-json\/wp\/v2\/pages\/519\/revisions\/5727"}],"wp:attachment":[{"href":"https:\/\/giaservice.dk\/da\/wp-json\/wp\/v2\/media?parent=519"}],"curies":[{"name":"wp","href":"https:\/\/api.w.org\/{rel}","templated":true}]}}